{"id":21,"date":"2023-05-10T08:01:53","date_gmt":"2023-05-10T06:01:53","guid":{"rendered":"https:\/\/labirynt.edu.pl\/?page_id=21"},"modified":"2025-11-25T06:40:52","modified_gmt":"2025-11-25T05:40:52","slug":"niepubliczna-szkola-podstawowa-ente","status":"publish","type":"page","link":"https:\/\/labirynt.edu.pl\/?page_id=21","title":{"rendered":"Niepubliczna Szko\u0142a Podstawowa eNTe"},"content":{"rendered":"\n<figure class=\"wp-block-image size-large\"><img fetchpriority=\"high\" decoding=\"async\" width=\"1024\" height=\"576\" src=\"https:\/\/labirynt.edu.pl\/wp-content\/uploads\/2023\/05\/Niepubliczna-Szkola-Podstawowa-eNTe-1024x576.png\" alt=\"\" class=\"wp-image-22\" srcset=\"https:\/\/labirynt.edu.pl\/wp-content\/uploads\/2023\/05\/Niepubliczna-Szkola-Podstawowa-eNTe-1024x576.png 1024w, https:\/\/labirynt.edu.pl\/wp-content\/uploads\/2023\/05\/Niepubliczna-Szkola-Podstawowa-eNTe-300x169.png 300w, https:\/\/labirynt.edu.pl\/wp-content\/uploads\/2023\/05\/Niepubliczna-Szkola-Podstawowa-eNTe-768x432.png 768w, https:\/\/labirynt.edu.pl\/wp-content\/uploads\/2023\/05\/Niepubliczna-Szkola-Podstawowa-eNTe.png 1366w\" sizes=\"(max-width: 1024px) 100vw, 1024px\" \/><\/figure>\n\n\n\n<p>Szko\u0142a eNTe (szko\u0142a przyjazna edukacji domowej)\u00a0&#8211; w ci\u0105g\u0142ym ruchu, zmianie, cz\u0119sto ewaluujemy swoj\u0105 prac\u0119, wyci\u0105gamy wnioski i ulepszamy. Cenimy sobie prac\u0119 grupow\u0105, rozwijanie kompetencji mi\u0119kkich. Naszym celem jest nauczenie uczni\u00f3w uczenia si\u0119. Samodzielno\u015bci w wybieraniu sobie obszar\u00f3w rozwoju\u00a0i umiej\u0119tnego d\u0105\u017cenia do swoich cel\u00f3w, ich analizy, weryfikacji i ewentualnego dopasowywania do nowych pomys\u0142\u00f3w, zmieniaj\u0105cych si\u0119 warunk\u00f3w.<br>Nasza szko\u0142a jest bez dzwonk\u00f3w, standardowych klas i \u0142awek. Wszyscy s\u0105 sobie r\u00f3wni i wszyscy m\u00f3wi\u0105 sobie po imieniu. W szkole lubimy kontakt z natur\u0105, wi\u0119c bardzo cz\u0119sto mo\u017cna nas spotka\u0107 po za budynkiem.<\/p>\n\n\n\n<figure class=\"wp-block-image size-large\"><img decoding=\"async\" width=\"1024\" height=\"576\" src=\"https:\/\/labirynt.edu.pl\/wp-content\/uploads\/2023\/05\/Niepubliczna-Szkola-Podstawowa-eNTe-2-1024x576.png\" alt=\"\" class=\"wp-image-24\" srcset=\"https:\/\/labirynt.edu.pl\/wp-content\/uploads\/2023\/05\/Niepubliczna-Szkola-Podstawowa-eNTe-2-1024x576.png 1024w, https:\/\/labirynt.edu.pl\/wp-content\/uploads\/2023\/05\/Niepubliczna-Szkola-Podstawowa-eNTe-2-300x169.png 300w, https:\/\/labirynt.edu.pl\/wp-content\/uploads\/2023\/05\/Niepubliczna-Szkola-Podstawowa-eNTe-2-768x432.png 768w, https:\/\/labirynt.edu.pl\/wp-content\/uploads\/2023\/05\/Niepubliczna-Szkola-Podstawowa-eNTe-2-1536x864.png 1536w, https:\/\/labirynt.edu.pl\/wp-content\/uploads\/2023\/05\/Niepubliczna-Szkola-Podstawowa-eNTe-2.png 1920w\" sizes=\"(max-width: 1024px) 100vw, 1024px\" \/><\/figure>\n\n\n\n<h2 class=\"wp-block-heading\">Klasy 1-3<\/h2>\n\n\n\n<p>Klasy 1-3 stawiamy przede&nbsp;wszystkim&nbsp;na umiej\u0119tno\u015bci interpersonalne. Umiej\u0119tno\u015b\u0107 nawi\u0105zywania, podtrzymywania relacji, rozwi\u0105zywania konflikt\u00f3w, empatia. Uczymy wiary we w\u0142asne mo\u017cliwo\u015bci, osi\u0105ganej poprzez samodzielno\u015b\u0107 w my\u015bleniu i dzia\u0142aniu. Uczniowie poznaj\u0105 r\u00f3\u017cne metody uczenia si\u0119. Samodzielnie wybieraj\u0105 metod\u0119, czas, partner\u00f3w do uczenia si\u0119. Powszechny jest u nas tutoring r\u00f3wie\u015bniczy oraz planowanie w\u0142asnej pracy. Akceptujemy w\u0142asne b\u0142\u0119dy i wyci\u0105gamy z nich wnioski na przysz\u0142o\u015b\u0107.<\/p>\n\n\n\n<figure class=\"wp-block-image size-large\"><img decoding=\"async\" width=\"1024\" height=\"576\" src=\"https:\/\/labirynt.edu.pl\/wp-content\/uploads\/2023\/05\/Niepubliczna-Szkola-Podstawowa-eNTe-3-1024x576.png\" alt=\"\" class=\"wp-image-25\" srcset=\"https:\/\/labirynt.edu.pl\/wp-content\/uploads\/2023\/05\/Niepubliczna-Szkola-Podstawowa-eNTe-3-1024x576.png 1024w, https:\/\/labirynt.edu.pl\/wp-content\/uploads\/2023\/05\/Niepubliczna-Szkola-Podstawowa-eNTe-3-300x169.png 300w, https:\/\/labirynt.edu.pl\/wp-content\/uploads\/2023\/05\/Niepubliczna-Szkola-Podstawowa-eNTe-3-768x432.png 768w, https:\/\/labirynt.edu.pl\/wp-content\/uploads\/2023\/05\/Niepubliczna-Szkola-Podstawowa-eNTe-3-1536x864.png 1536w, https:\/\/labirynt.edu.pl\/wp-content\/uploads\/2023\/05\/Niepubliczna-Szkola-Podstawowa-eNTe-3.png 1920w\" sizes=\"(max-width: 1024px) 100vw, 1024px\" \/><\/figure>\n\n\n\n<h2 class=\"wp-block-heading\">Od 4 klasy<\/h2>\n\n\n\n<p>Pracujemy projektami, dzieci ucz\u0105 si\u0119 odpowiedzialno\u015bci za swoj\u0105 edukacj\u0119, \u0142\u0105czymy podstaw\u0119 programow\u0105 wielu przedmiot\u00f3w, aby stworzy\u0107 atrakcyjne zaj\u0119cia, kt\u00f3re pokazuj\u0105 szerszy kontekst \u015bwiata.<br>M\u0142odzie\u017c sama planuje swoj\u0105 prac\u0119 i to, w jaki spos\u00f3b pozyska wiedz\u0119. Pami\u0119tamy o przygotowaniach do egzaminu \u00f3smoklasisty. Codziennie odbywaj\u0105 si\u0119 zaj\u0119cia z matematyki, polskiego, angielskiego oraz niemieckiego jako j\u0119zyka mniejszo\u015bci narodowej. W tym, historia i kultura Wroc\u0142awia, literatura niemieckoj\u0119zyczna. Podczas zaj\u0119\u0107 &#8222;Body and Soul&#8221; uczymy samo\u015bwiadomo\u015bci dorastania, emocji, postaw, zachowa\u0144.<br>Projekty interdyscyplinarne przygotowuj\u0105 uczni\u00f3w do egzamin\u00f3w ko\u0144coworocznych. Jako Szko\u0142a Podstawowa egzaminy organizujemy w ci\u0105gu ca\u0142ego roku. Harmonogram egzamin\u00f3w uczniowie poznaj\u0105 na pocz\u0105tku roku szkolnego.<br>R\u00f3\u017cnorodne zaj\u0119cia sportowe gry zespo\u0142owe, wspinaczka, wycieczki krajoznawcze, \u017ceglarstwo, kajaki to od roku szkolnego 2023\/2024 chleb powszedni naszych uczni\u00f3w.<\/p>\n\n\n\n<figure class=\"wp-block-image size-large\"><img loading=\"lazy\" decoding=\"async\" width=\"1024\" height=\"576\" src=\"https:\/\/labirynt.edu.pl\/wp-content\/uploads\/2023\/05\/Niepubliczna-Szkola-Podstawowa-eNTe-4-1024x576.png\" alt=\"\" class=\"wp-image-26\" srcset=\"https:\/\/labirynt.edu.pl\/wp-content\/uploads\/2023\/05\/Niepubliczna-Szkola-Podstawowa-eNTe-4-1024x576.png 1024w, https:\/\/labirynt.edu.pl\/wp-content\/uploads\/2023\/05\/Niepubliczna-Szkola-Podstawowa-eNTe-4-300x169.png 300w, https:\/\/labirynt.edu.pl\/wp-content\/uploads\/2023\/05\/Niepubliczna-Szkola-Podstawowa-eNTe-4-768x432.png 768w, https:\/\/labirynt.edu.pl\/wp-content\/uploads\/2023\/05\/Niepubliczna-Szkola-Podstawowa-eNTe-4-1536x864.png 1536w, https:\/\/labirynt.edu.pl\/wp-content\/uploads\/2023\/05\/Niepubliczna-Szkola-Podstawowa-eNTe-4.png 1920w\" sizes=\"(max-width: 1024px) 100vw, 1024px\" \/><\/figure>\n\n\n\n<h2 class=\"wp-block-heading\">Brak ocen, kartk\u00f3wek, sprawdzian\u00f3w, zada\u0144 domowych<\/h2>\n\n\n\n<p>Jak to mo\u017cliwe w szkole podstawowej?<br>S\u0105 projekty zako\u0144czone egzaminami sprawdzaj\u0105cymi wiedz\u0119 z danego przedmiotu i zagadnie\u0144 z podstawy programowej. Uczniowie otrzymuj\u0105 og\u00f3ln\u0105 instrukcj\u0119, opracowuj\u0105 w\u0142asny projekt, kt\u00f3ry prezentuj\u0105 w trakcie egzaminu ustnego. Drug\u0105 cz\u0119\u015bci\u0105 s\u0105 indywidualne egzaminy pisemne. Ka\u017cdy wie dok\u0142adnie, jak taki egzamin b\u0119dzie wygl\u0105da\u0142 i jakie zagadnienia b\u0119d\u0105 poruszone. Pokazujemy jak planowa\u0107 sw\u00f3j dzie\u0144 i nauk\u0119 oraz jeste\u015bmy dla naszych uczni\u00f3w. Naszym zdaniem, Dom powinien si\u0119 kojarzy\u0107 z przyjemnym, ciep\u0142ym, rodzinnym miejscem, w kt\u00f3rym mamy przestrze\u0144 do relaksu. Dlatego uczymy, \u017ceby nie zabiera\u0107 pracy do domu. Ca\u0142\u0105 podstaw\u0119 programow\u0105 realizujemy na miejscu, daj\u0105c uczniom przestrze\u0144 do samodzielnego wzrostu i nauki w grupach r\u00f3wie\u015bniczych lub indywidualnej.<\/p>\n\n\n\n<figure class=\"wp-block-image size-large\"><img loading=\"lazy\" decoding=\"async\" width=\"1024\" height=\"576\" src=\"https:\/\/labirynt.edu.pl\/wp-content\/uploads\/2023\/05\/Niepubliczna-Szkola-Podstawowa-eNTe-5-1024x576.png\" alt=\"\" class=\"wp-image-27\" srcset=\"https:\/\/labirynt.edu.pl\/wp-content\/uploads\/2023\/05\/Niepubliczna-Szkola-Podstawowa-eNTe-5-1024x576.png 1024w, https:\/\/labirynt.edu.pl\/wp-content\/uploads\/2023\/05\/Niepubliczna-Szkola-Podstawowa-eNTe-5-300x169.png 300w, https:\/\/labirynt.edu.pl\/wp-content\/uploads\/2023\/05\/Niepubliczna-Szkola-Podstawowa-eNTe-5-768x432.png 768w, https:\/\/labirynt.edu.pl\/wp-content\/uploads\/2023\/05\/Niepubliczna-Szkola-Podstawowa-eNTe-5-1536x864.png 1536w, https:\/\/labirynt.edu.pl\/wp-content\/uploads\/2023\/05\/Niepubliczna-Szkola-Podstawowa-eNTe-5.png 1920w\" sizes=\"(max-width: 1024px) 100vw, 1024px\" \/><\/figure>\n\n\n\n<h2 class=\"wp-block-heading\">KONTAKT<\/h2>\n\n\n\n<ul class=\"wp-block-list\">\n<li>Zapisy do szko\u0142y, (prowadzone przez ca\u0142y rok) &#8211; Ola &#8211; ola@ente.edu.pl<\/li>\n\n\n\n<li>Sprawy techniczne, obs\u0142uga strony, inne sprawy fundacji, oferty Rafa\u0142 &#8211; rafal@ente.edu.pl<\/li>\n<\/ul>\n","protected":false},"excerpt":{"rendered":"<p>Szko\u0142a eNTe (szko\u0142a przyjazna edukacji domowej)\u00a0&#8211; w ci\u0105g\u0142ym ruchu, zmianie, cz\u0119sto ewaluujemy swoj\u0105 prac\u0119, wyci\u0105gamy wnioski i ulepszamy. Cenimy sobie &hellip; <\/p>\n","protected":false},"author":1,"featured_media":0,"parent":0,"menu_order":0,"comment_status":"closed","ping_status":"closed","template":"","meta":{"footnotes":""},"class_list":["post-21","page","type-page","status-publish","hentry"],"yoast_head":"<!-- This site is optimized with the Yoast SEO plugin v27.5 - https:\/\/yoast.com\/product\/yoast-seo-wordpress\/ -->\n<title>Niepubliczna Szko\u0142a Podstawowa eNTe - Fundacja Labirynt<\/title>\n<meta name=\"robots\" content=\"index, follow, max-snippet:-1, max-image-preview:large, max-video-preview:-1\" \/>\n<link rel=\"canonical\" href=\"https:\/\/labirynt.edu.pl\/?page_id=21\" \/>\n<meta property=\"og:locale\" content=\"pl_PL\" \/>\n<meta property=\"og:type\" content=\"article\" \/>\n<meta property=\"og:title\" content=\"Niepubliczna Szko\u0142a Podstawowa eNTe - Fundacja Labirynt\" \/>\n<meta property=\"og:description\" content=\"Szko\u0142a eNTe (szko\u0142a przyjazna edukacji domowej)\u00a0&#8211; w ci\u0105g\u0142ym ruchu, zmianie, cz\u0119sto ewaluujemy swoj\u0105 prac\u0119, wyci\u0105gamy wnioski i ulepszamy. Cenimy sobie &hellip;\" \/>\n<meta property=\"og:url\" content=\"https:\/\/labirynt.edu.pl\/?page_id=21\" \/>\n<meta property=\"og:site_name\" content=\"Fundacja Labirynt\" \/>\n<meta property=\"article:modified_time\" content=\"2025-11-25T05:40:52+00:00\" \/>\n<meta property=\"og:image\" content=\"https:\/\/labirynt.edu.pl\/wp-content\/uploads\/2023\/05\/Niepubliczna-Szkola-Podstawowa-eNTe.png\" \/>\n\t<meta property=\"og:image:width\" content=\"1366\" \/>\n\t<meta property=\"og:image:height\" content=\"768\" \/>\n\t<meta property=\"og:image:type\" content=\"image\/png\" \/>\n<meta name=\"twitter:card\" content=\"summary_large_image\" \/>\n<meta name=\"twitter:label1\" content=\"Szacowany czas czytania\" \/>\n\t<meta name=\"twitter:data1\" content=\"4 minuty\" \/>\n<script type=\"application\/ld+json\" class=\"yoast-schema-graph\">{\"@context\":\"https:\\\/\\\/schema.org\",\"@graph\":[{\"@type\":\"WebPage\",\"@id\":\"https:\\\/\\\/labirynt.edu.pl\\\/?page_id=21\",\"url\":\"https:\\\/\\\/labirynt.edu.pl\\\/?page_id=21\",\"name\":\"Niepubliczna Szko\u0142a Podstawowa eNTe - Fundacja Labirynt\",\"isPartOf\":{\"@id\":\"https:\\\/\\\/labirynt.edu.pl\\\/#website\"},\"primaryImageOfPage\":{\"@id\":\"https:\\\/\\\/labirynt.edu.pl\\\/?page_id=21#primaryimage\"},\"image\":{\"@id\":\"https:\\\/\\\/labirynt.edu.pl\\\/?page_id=21#primaryimage\"},\"thumbnailUrl\":\"https:\\\/\\\/labirynt.edu.pl\\\/wp-content\\\/uploads\\\/2023\\\/05\\\/Niepubliczna-Szkola-Podstawowa-eNTe-1024x576.png\",\"datePublished\":\"2023-05-10T06:01:53+00:00\",\"dateModified\":\"2025-11-25T05:40:52+00:00\",\"breadcrumb\":{\"@id\":\"https:\\\/\\\/labirynt.edu.pl\\\/?page_id=21#breadcrumb\"},\"inLanguage\":\"pl-PL\",\"potentialAction\":[{\"@type\":\"ReadAction\",\"target\":[\"https:\\\/\\\/labirynt.edu.pl\\\/?page_id=21\"]}]},{\"@type\":\"ImageObject\",\"inLanguage\":\"pl-PL\",\"@id\":\"https:\\\/\\\/labirynt.edu.pl\\\/?page_id=21#primaryimage\",\"url\":\"https:\\\/\\\/labirynt.edu.pl\\\/wp-content\\\/uploads\\\/2023\\\/05\\\/Niepubliczna-Szkola-Podstawowa-eNTe.png\",\"contentUrl\":\"https:\\\/\\\/labirynt.edu.pl\\\/wp-content\\\/uploads\\\/2023\\\/05\\\/Niepubliczna-Szkola-Podstawowa-eNTe.png\",\"width\":1366,\"height\":768},{\"@type\":\"BreadcrumbList\",\"@id\":\"https:\\\/\\\/labirynt.edu.pl\\\/?page_id=21#breadcrumb\",\"itemListElement\":[{\"@type\":\"ListItem\",\"position\":1,\"name\":\"Home\",\"item\":\"https:\\\/\\\/labirynt.edu.pl\\\/\"},{\"@type\":\"ListItem\",\"position\":2,\"name\":\"Niepubliczna Szko\u0142a Podstawowa eNTe\"}]},{\"@type\":\"WebSite\",\"@id\":\"https:\\\/\\\/labirynt.edu.pl\\\/#website\",\"url\":\"https:\\\/\\\/labirynt.edu.pl\\\/\",\"name\":\"Fundacja Labirynt\",\"description\":\"\",\"potentialAction\":[{\"@type\":\"SearchAction\",\"target\":{\"@type\":\"EntryPoint\",\"urlTemplate\":\"https:\\\/\\\/labirynt.edu.pl\\\/?s={search_term_string}\"},\"query-input\":{\"@type\":\"PropertyValueSpecification\",\"valueRequired\":true,\"valueName\":\"search_term_string\"}}],\"inLanguage\":\"pl-PL\"}]}<\/script>\n<!-- \/ Yoast SEO plugin. -->","yoast_head_json":{"title":"Niepubliczna Szko\u0142a Podstawowa eNTe - Fundacja Labirynt","robots":{"index":"index","follow":"follow","max-snippet":"max-snippet:-1","max-image-preview":"max-image-preview:large","max-video-preview":"max-video-preview:-1"},"canonical":"https:\/\/labirynt.edu.pl\/?page_id=21","og_locale":"pl_PL","og_type":"article","og_title":"Niepubliczna Szko\u0142a Podstawowa eNTe - Fundacja Labirynt","og_description":"Szko\u0142a eNTe (szko\u0142a przyjazna edukacji domowej)\u00a0&#8211; w ci\u0105g\u0142ym ruchu, zmianie, cz\u0119sto ewaluujemy swoj\u0105 prac\u0119, wyci\u0105gamy wnioski i ulepszamy. Cenimy sobie &hellip;","og_url":"https:\/\/labirynt.edu.pl\/?page_id=21","og_site_name":"Fundacja Labirynt","article_modified_time":"2025-11-25T05:40:52+00:00","og_image":[{"width":1366,"height":768,"url":"https:\/\/labirynt.edu.pl\/wp-content\/uploads\/2023\/05\/Niepubliczna-Szkola-Podstawowa-eNTe.png","type":"image\/png"}],"twitter_card":"summary_large_image","twitter_misc":{"Szacowany czas czytania":"4 minuty"},"schema":{"@context":"https:\/\/schema.org","@graph":[{"@type":"WebPage","@id":"https:\/\/labirynt.edu.pl\/?page_id=21","url":"https:\/\/labirynt.edu.pl\/?page_id=21","name":"Niepubliczna Szko\u0142a Podstawowa eNTe - Fundacja Labirynt","isPartOf":{"@id":"https:\/\/labirynt.edu.pl\/#website"},"primaryImageOfPage":{"@id":"https:\/\/labirynt.edu.pl\/?page_id=21#primaryimage"},"image":{"@id":"https:\/\/labirynt.edu.pl\/?page_id=21#primaryimage"},"thumbnailUrl":"https:\/\/labirynt.edu.pl\/wp-content\/uploads\/2023\/05\/Niepubliczna-Szkola-Podstawowa-eNTe-1024x576.png","datePublished":"2023-05-10T06:01:53+00:00","dateModified":"2025-11-25T05:40:52+00:00","breadcrumb":{"@id":"https:\/\/labirynt.edu.pl\/?page_id=21#breadcrumb"},"inLanguage":"pl-PL","potentialAction":[{"@type":"ReadAction","target":["https:\/\/labirynt.edu.pl\/?page_id=21"]}]},{"@type":"ImageObject","inLanguage":"pl-PL","@id":"https:\/\/labirynt.edu.pl\/?page_id=21#primaryimage","url":"https:\/\/labirynt.edu.pl\/wp-content\/uploads\/2023\/05\/Niepubliczna-Szkola-Podstawowa-eNTe.png","contentUrl":"https:\/\/labirynt.edu.pl\/wp-content\/uploads\/2023\/05\/Niepubliczna-Szkola-Podstawowa-eNTe.png","width":1366,"height":768},{"@type":"BreadcrumbList","@id":"https:\/\/labirynt.edu.pl\/?page_id=21#breadcrumb","itemListElement":[{"@type":"ListItem","position":1,"name":"Home","item":"https:\/\/labirynt.edu.pl\/"},{"@type":"ListItem","position":2,"name":"Niepubliczna Szko\u0142a Podstawowa eNTe"}]},{"@type":"WebSite","@id":"https:\/\/labirynt.edu.pl\/#website","url":"https:\/\/labirynt.edu.pl\/","name":"Fundacja Labirynt","description":"","potentialAction":[{"@type":"SearchAction","target":{"@type":"EntryPoint","urlTemplate":"https:\/\/labirynt.edu.pl\/?s={search_term_string}"},"query-input":{"@type":"PropertyValueSpecification","valueRequired":true,"valueName":"search_term_string"}}],"inLanguage":"pl-PL"}]}},"_links":{"self":[{"href":"https:\/\/labirynt.edu.pl\/index.php?rest_route=\/wp\/v2\/pages\/21","targetHints":{"allow":["GET"]}}],"collection":[{"href":"https:\/\/labirynt.edu.pl\/index.php?rest_route=\/wp\/v2\/pages"}],"about":[{"href":"https:\/\/labirynt.edu.pl\/index.php?rest_route=\/wp\/v2\/types\/page"}],"author":[{"embeddable":true,"href":"https:\/\/labirynt.edu.pl\/index.php?rest_route=\/wp\/v2\/users\/1"}],"replies":[{"embeddable":true,"href":"https:\/\/labirynt.edu.pl\/index.php?rest_route=%2Fwp%2Fv2%2Fcomments&post=21"}],"version-history":[{"count":3,"href":"https:\/\/labirynt.edu.pl\/index.php?rest_route=\/wp\/v2\/pages\/21\/revisions"}],"predecessor-version":[{"id":57,"href":"https:\/\/labirynt.edu.pl\/index.php?rest_route=\/wp\/v2\/pages\/21\/revisions\/57"}],"wp:attachment":[{"href":"https:\/\/labirynt.edu.pl\/index.php?rest_route=%2Fwp%2Fv2%2Fmedia&parent=21"}],"curies":[{"name":"wp","href":"https:\/\/api.w.org\/{rel}","templated":true}]}}